{"id":558,"date":"2015-06-12T09:57:46","date_gmt":"2015-06-12T08:57:46","guid":{"rendered":"http:\/\/www.martec.it\/\/?page_id=558"},"modified":"2015-06-12T10:00:54","modified_gmt":"2015-06-12T09:00:54","slug":"privacy","status":"publish","type":"page","link":"https:\/\/www.martec.it\/?page_id=558","title":{"rendered":"Privacy"},"content":{"rendered":"<p align=\"CENTER\"><strong>Informativa ai sensi dell\u2019art. 13 D.lgs. 196\/03<\/strong><\/p>\n<p>Martec S.p.A. \u00e8 impegnata nel rispetto e la protezione della tua privacy e desidera che ti senta sicuro sia durante la semplice navigazione del sito che nel caso in cui decida di registrarti fornendoci tuoi dati personali per usufruire dei servizi resi disponibili attraverso il sito. Le pagine del nostro sito web possono contenere, comunque, dei collegamenti verso le pagine Internet di altri soggetti, alle quali per\u00f2 non si estende la presente dichiarazione sulla sicurezza dei dati.<br \/>\nL\u2019informativa si ispira anche alla Raccomandazione n. 2\/2001 che le Autorit\u00e0 europee per la protezione dei dati personali riunite nel gruppo istituito dall\u2019art. 29 della direttiva n. 95\/46\/CE, hanno adottato il 17 maggio 2001 per individuare dei requisiti minimi per la raccolta dei dati personali on-line: le modalit\u00e0, i tempi e la natura delle informazioni che i titolari del trattamento devono fornire agli utenti quando questi si collegano a pagine web.<br \/>\nMartec S.p.A. Titolare del trattamento, ai sensi dell&#8217;art. 13 del D. lgs. n. 196\/2003 (di seguito anche \u201cCodice Privacy\u201d) ti informa che i dati personali da te forniti ed acquisiti contestualmente alla registrazione ai servizi da te scelti, nonch\u00e9 i dati necessari all&#8217;erogazione di tali servizi, ivi compresi i dati di navigazione, saranno trattati nel rispetto delle garanzie di riservatezza e delle misure di sicurezza previste dalla normativa vigente attraverso strumenti informatici, telematici e manuali, con logiche strettamente correlate alle finalit\u00e0 del trattamento.<br \/>\nIn particolare, per quanto riguarda i dati di navigazione, i sistemi informatici e telematici e le procedure software preposte al funzionamento del presente sito, ovvero dedicati al funzionamento ed utilizzo delle \u201capp\u201d rese disponibili da Martec S.p.A. acquisiscono, nel corso del loro normale esercizio, alcuni dati (es. la data e l&#8217;ora dell\u2019accesso, le pagine visitate, il nome dell&#8217;Internet Service Provider e l&#8217;indirizzo del Protocollo Internet (IP) attraverso il quale accedi ad Internet, l&#8217;indirizzo Internet dal quale ti sei collegato al nostro sito, etc.), la cui trasmissione \u00e8 implicita nell&#8217;uso dei protocolli di comunicazione web o \u00e8 utile per la migliore gestione e ottimizzazione del sistema di invio di dati ed e-mail. Questi dati vengono utilizzati al solo fine di ricavare informazioni statistiche anonime sull&#8217;uso del sito e per controllarne il corretto funzionamento e sono conservati in forma anonima per tutto il periodo di attivit\u00e0 del sito stesso. I dati potrebbero essere utilizzati per l&#8217;accertamento di responsabilit\u00e0 in caso di reati informatici ai danni del sito.<\/p>\n<p><strong>Finalit\u00e0 del trattamento<\/strong><a name=\"_GoBack\"><\/a><\/p>\n<p>Finalit\u00e0 del trattamento<br \/>\nI dati sono trattati per finalit\u00e0:<br \/>\n1) strettamente connesse e necessarie alla registrazione al sito <a href=\"http:\/\/www.martec.it\">www.martec.it<\/a>  ovvero dedicati all\u2019utilizzo delle \u201capp\u201d rese disponibili da Martec S.p.a. alla fruizione dei relativi servizi fruibili attraverso il nostro sito ed alla partecipazione ad eventi resi disponibili attraverso il sito www.martec.it . Senza tali dati non sar\u00e0 possibile fornirti i servizi richiesti.<br \/>\n2) correlate all&#8217;adempimento di obblighi previsti da normative comunitarie e nazionali, alla tutela dell&#8217;ordine pubblico, all&#8217;accertamento e repressione dei reati.I dati personali da te forniti per richiedere l\u2019eventuale invio di materiale informativo (esempio: opuscoli, newsletter cartacea, ecc.) sono utilizzati al solo fine di eseguire il servizio o la prestazione richiesta e sono comunicati a terzi nel solo caso in cui sia a tal fine necessario (servizio di stampa, duplicazione, spedizione, ect.).<br \/>\nIl consenso al trattamento dei dati per le finalit\u00e0 di cui ai punti 2) \u00e8 facoltativo e potr\u00e0 essere revocato in ogni momento come meglio descritto nel prosieguo.<\/p>\n<p><strong>Modalit\u00e0, logiche del trattamento, tempi di conservazione e misure di protezione<\/strong><\/p>\n<p>Il trattamento \u00e8 effettuato anche con l\u2019ausilio di mezzi elettronici o comunque automatizzati ed \u00e8 svolto da Martec S.p.A. e\/o da terzi di cui Martec S.p.A. pu\u00f2 avvalersi per memorizzare, gestire e trasmettere i dati stessi. I dati personali trattati verranno conservati per i tempi previsti dal Codice Privacy e dalla normativa applicabile.<\/p>\n<p><strong>Categorie di soggetti ai quali i dati possono essere comunicati o che possono venirne a conoscenza in qualit\u00e0 di Responsabili e di Incaricati<\/strong><\/p>\n<p>Per il perseguimento delle finalit\u00e0 sopra indicate, Martec S.p.A. potr\u00e0 comunicare e far trattare i tuoi dati personali, in Italia e all&#8217;estero, all\u2019interno dell\u2019Unione Europea, a soggetti terzi con i quali abbia rapporti, laddove tali soggetti forniscano servizi su richiesta di Martec S.p.A. quest\u2019ultima fornir\u00e0 loro solo le informazioni necessarie ad effettuare i servizi richiesti prendendo tutte le misure per tutelare i tuoi dati personali.<\/p>\n<p>I soggetti appartenenti alle categorie sopra riportate operano come distinti Titolari del trattamento o in qualit\u00e0 di Responsabili e\/o Incaricati all&#8217;uopo nominati da Martec S.p.A.<\/p>\n<p>I dati personali potranno, inoltre, essere conosciuti dai dipendenti, consulenti, interinali, collaboratori, i quali sono stati appositamente nominati\/designati Responsabili o Incaricati del trattamento.<\/p>\n<p><strong>Utilizzo dei Cookies<\/strong><\/p>\n<p>I Cookies, che rappresentano una tecnologia utilizzata dai siti web per riconoscere gli utenti all&#8217;interno di una sessione di lavoro, non vengono utilizzati n\u00e9 allo scopo di tracciare la navigazione degli utenti n\u00e9 per raccogliere i loro dati personali, ma esclusivamente per consentire la navigazione sul sito e la fruizione dei relativi servizi. L&#8217;uso di c.d. cookies di sessione (che non vengono memorizzati in modo persistente sul computer dell&#8217;utente e svaniscono con la chiusura del browser) \u00e8 strettamente limitato alla trasmissione di identificativi di sessione (costituiti da numeri casuali generati dal server) necessari per consentire l&#8217;esplorazione sicura ed efficiente del sito ed in molti casi semplificano la navigazione, permettono di digitare la password meno frequentemente durante una stessa sessione di navigazione autenticata sulle pagine di Martec S.p.A. Essi identificano solo anonimamente l&#8217;indirizzo IP del computer, non salvano informazioni personali come per esempio il nome del computer o la user_id dell\u2019utente che avr\u00e0 la possibilit\u00e0 di accettare o meno i cookies. Se l\u2019utente rifiutasse di accettare i cookies la qualit\u00e0 delle pagine visitate potrebbe essere ridotta.<br \/>\nMartec S.p.A. potrebbe ospitare nei propri siti, in accordo con soggetti terzi, messaggi pubblicitari i quali possono contenere cookie che appartengono o dei quali tiene traccia il soggetto terzo proprietario del messaggio: Martec S.p.A. non controlla, n\u00e9 ha accesso a questi cookie o al contenuto di questi siti.<\/p>\n<p><strong>Il Titolare e i Responsabili del trattamento<\/strong><\/p>\n<p>Il Titolare del trattamento \u00e8 Martec S.p.A. con sede legale a Vignate (MI), via Dell\u2019Industri n.1\/3.<br \/>\nResponsabile del trattamento dei dati dell\u2019interessato e del riscontro all\u2019esercizio dei loro diritti \u00e8 l\u2019Ing. Paolo Bona.<\/p>\n<p><strong>Diritti dell&#8217;Interessato Art. 7 D.Lgs. 196\/2003<\/strong><\/p>\n<p>L\u2019interessato ha diritto di ottenere la conferma dell\u2019esistenza o meno di dati personali che lo riguardano, anche se non ancora registrati, e la loro comunicazione in forma intelligibile. L\u2019interessato ha diritto di ottenere l\u2019indicazione: dell\u2019origine dei dati personali; delle finalit\u00e0 e modalit\u00e0 del trattamento; della logica applicata in caso di trattamento effettuato con l\u2019ausilio di strumenti elettronici; degli estremi identificativi del titolare del trattamento, del responsabile e del rappresentante designato ai sensi dell\u2019art. 5 comma 2; dei soggetti o delle categorie di soggetti ai quali i dati personali possono essere comunicati o che possono venirne a conoscenza in qualit\u00e0 di rappresentante designato nel territorio dello Stato, di responsabili o incaricati. L\u2019interessato ha diritto di ottenere: l\u2019aggiornamento, la rettificazione, ovvero, quando vi \u00e8 interesse, l\u2019integrazione dei dati; la cancellazione, la trasformazione in forma anonima o il blocco dei dati trattati in violazione di legge, compresi quelli di cui non \u00e8 necessaria la conservazione in relazione agli scopi per i quali i dati sono stati raccolti o successivamente trattati; l\u2019attestazione che le operazioni di cui alla lettera a. e b. sono state portate a conoscenza, anche per quanto riguarda il loro contenuto, di coloro ai quali i dati sono stati comunicati o diffusi, eccettuato il caso in cui tale adempimento si rileva impossibile o comporta un impiego di mezzi manifestamente sproporzionato rispetto al diritto tutelato. L\u2019interessato ha diritto di opporsi in tutto o in parte: per motivi legittimi al trattamento dei dati personali che lo riguardano, ancorch\u00e9 pertinenti allo scopo della raccolta; al trattamento dei dati personali che lo riguardano a fini di invio di materiale pubblicitario o di vendita diretta o per il compimento di ricerche di mercato o di comunicazione commerciale.<br \/>\nL\u2019interessato pu\u00f2 esercitare in qualsiasi momento i suoi diritti scrivendo direttamente a Martec S.p.A.<\/p>\n","protected":false},"excerpt":{"rendered":"<p>Informativa ai sensi dell\u2019art. 13 D.lgs. 196\/03 Martec S.p.A. \u00e8 impegnata nel rispetto e la protezione della tua privacy e desidera che ti senta sicuro sia durante la semplice navigazione del sito che nel caso in cui decida di registrarti fornendoci tuoi dati personali per usufruire dei servizi resi disponibili attraverso il sito. Le pagine [&hellip;]<\/p>\n","protected":false},"author":4,"featured_media":0,"parent":0,"menu_order":0,"comment_status":"open","ping_status":"open","template":"page_privacy_cookies.php","meta":[],"_links":{"self":[{"href":"https:\/\/www.martec.it\/index.php?rest_route=\/wp\/v2\/pages\/558"}],"collection":[{"href":"https:\/\/www.martec.it\/index.php?rest_route=\/wp\/v2\/pages"}],"about":[{"href":"https:\/\/www.martec.it\/index.php?rest_route=\/wp\/v2\/types\/page"}],"author":[{"embeddable":true,"href":"https:\/\/www.martec.it\/index.php?rest_route=\/wp\/v2\/users\/4"}],"replies":[{"embeddable":true,"href":"https:\/\/www.martec.it\/index.php?rest_route=%2Fwp%2Fv2%2Fcomments&post=558"}],"version-history":[{"count":0,"href":"https:\/\/www.martec.it\/index.php?rest_route=\/wp\/v2\/pages\/558\/revisions"}],"wp:attachment":[{"href":"https:\/\/www.martec.it\/index.php?rest_route=%2Fwp%2Fv2%2Fmedia&parent=558"}],"curies":[{"name":"wp","href":"https:\/\/api.w.org\/{rel}","templated":true}]}}